{"id":110,"date":"2021-10-01T10:30:51","date_gmt":"2021-10-01T10:30:51","guid":{"rendered":"https:\/\/webredox.net\/demo\/wp\/bauen\/light\/multi\/demo1\/?page_id=110"},"modified":"2025-08-22T16:25:53","modified_gmt":"2025-08-22T14:25:53","slug":"contact","status":"publish","type":"page","link":"https:\/\/www.agilis-fermetures.fr\/index.php\/contact\/","title":{"rendered":"Contact"},"content":{"rendered":"<div class=\"wpb-content-wrapper\">[vc_row row_type=&#8221;main-section&#8221; bauen_df_padding_top=&#8221;section-padding1&#8243; bauen_df_padding_bottom=&#8221;section-padding2&#8243; bauen_background_color=&#8221;#FFFFFF&#8221; css=&#8221;.vc_custom_1744104429529{background-color: #FBF6F1 !important;}&#8221;][vc_column width=&#8221;1\/4&#8243;][\/vc_column][vc_column width=&#8221;2\/4&#8243; css=&#8221;.vc_custom_1744104453755{background-color: #FFFFFF !important;}&#8221;][vc_empty_space height=&#8221;10px&#8221;][wr_vc_section_heading title=&#8221;`{`span`}` NOUS CONTACTER `{`\/span`}`&#8221; title2=&#8221;Projects&#8221;][\/wr_vc_section_heading][vc_empty_space][vc_column_text css=&#8221;&#8221;]<span style=\"color: #21545b;\">Que ce soit pour une demande de devis sur un projet de r\u00e9novation, pour du courtage ou toute demande d\u2019information, nous vous invitons \u00e0 remplir ce formulaire en nous donnant un maximum de d\u00e9tails sur votre projet. Nous nous engageons \u00e0 vous r\u00e9pondre sous 48h.<\/span>[\/vc_column_text][vc_empty_space][vc_column_text css=&#8221;&#8221;]<div class=\"forminator-ui forminator-custom-form forminator-custom-form-516 forminator-design--default  forminator_ajax\" data-forminator-render=\"0\" data-form=\"forminator-module-516\" data-uid=\"69f38042d662c\"><br\/><\/div><form\n\t\t\t\tid=\"forminator-module-516\"\n\t\t\t\tclass=\"forminator-ui forminator-custom-form forminator-custom-form-516 forminator-design--default  forminator_ajax\"\n\t\t\t\tmethod=\"post\"\n\t\t\t\tdata-forminator-render=\"0\"\n\t\t\t\tdata-form-id=\"516\"\n\t\t\t\t\n\t\t\t\tdata-design=\"default\"\n\t\t\t\t\n\t\t\t\t\n\t\t\t\t\n\t\t\t\tdata-grid=\"open\"\n\t\t\t\tenctype=\"multipart\/form-data\"\n\t\t\t\t\n\t\t\t\tstyle=\"display: none;\"\n\t\t\t\t\n\t\t\t\tdata-uid=\"69f38042d662c\"\n\t\t\t><div role=\"alert\" aria-live=\"polite\" class=\"forminator-response-message forminator-error\" aria-hidden=\"true\"><\/div><div class=\"forminator-row\"><div id=\"name-1\" class=\"forminator-field-name forminator-col forminator-col-12 \"><div class=\"forminator-row forminator-no-margin\" data-multiple=\"true\"><div class=\"forminator-col forminator-col-md-6\"><div class=\"forminator-field\"><label for=\"forminator-field-first-name-1_69f38042d662c\" id=\"forminator-field-first-name-1_69f38042d662c-label\" class=\"forminator-label\">Pr\u00e9nom <span class=\"forminator-required\">*<\/span><\/label><input type=\"text\" name=\"name-1-first-name\" placeholder=\"Jacques\" id=\"forminator-field-first-name-1_69f38042d662c\" class=\"forminator-input\" aria-required=\"true\" data-multi=\"1\" value=\"\" \/><\/div><\/div><div class=\"forminator-col forminator-col-md-6\"><div class=\"forminator-field\"><label for=\"forminator-field-last-name-1_69f38042d662c\" id=\"forminator-field-last-name-1_69f38042d662c-label\" class=\"forminator-label\">Nom <span class=\"forminator-required\">*<\/span><\/label><input type=\"text\" name=\"name-1-last-name\" placeholder=\"Martin\" id=\"forminator-field-last-name-1_69f38042d662c\" class=\"forminator-input\" aria-required=\"true\" data-multi=\"1\" value=\"\" \/><\/div><\/div><\/div><\/div><\/div><div class=\"forminator-row\"><div id=\"email-1\" class=\"forminator-field-email forminator-col forminator-col-6 \"><div class=\"forminator-field\"><label for=\"forminator-field-email-1_69f38042d662c\" id=\"forminator-field-email-1_69f38042d662c-label\" class=\"forminator-label\">Email <span class=\"forminator-required\">*<\/span><\/label><input type=\"email\" name=\"email-1\" value=\"\" placeholder=\"jacques@martin.com\" id=\"forminator-field-email-1_69f38042d662c\" class=\"forminator-input forminator-email--field\" data-required=\"1\" aria-required=\"true\" \/><\/div><\/div><div id=\"phone-1\" class=\"forminator-field-phone forminator-col forminator-col-6 \"><div class=\"forminator-field\"><label for=\"forminator-field-phone-1_69f38042d662c\" id=\"forminator-field-phone-1_69f38042d662c-label\" class=\"forminator-label\">T\u00e9l\u00e9phone <span class=\"forminator-required\">*<\/span><\/label><input type=\"text\" name=\"phone-1\" value=\"\" placeholder=\"\" id=\"forminator-field-phone-1_69f38042d662c\" class=\"forminator-input forminator-field--phone\" data-required=\"1\" aria-required=\"true\" autocomplete=\"off\" \/><\/div><\/div><\/div><div class=\"forminator-row\"><div id=\"text-1\" class=\"forminator-field-text forminator-col forminator-col-12 \"><div class=\"forminator-field\"><label for=\"forminator-field-text-1_69f38042d662c\" id=\"forminator-field-text-1_69f38042d662c-label\" class=\"forminator-label\">Objet de la demande <span class=\"forminator-required\">*<\/span><\/label><input type=\"text\" name=\"text-1\" value=\"\" placeholder=\"\" id=\"forminator-field-text-1_69f38042d662c\" class=\"forminator-input forminator-name--field\" data-required=\"1\" \/><\/div><\/div><\/div><div class=\"forminator-row\"><div id=\"text-2\" class=\"forminator-field-text forminator-col forminator-col-6 \"><div class=\"forminator-field\"><label for=\"forminator-field-text-2_69f38042d662c\" id=\"forminator-field-text-2_69f38042d662c-label\" class=\"forminator-label\">D\u00e9lai de r\u00e9alisation envisag\u00e9<\/label><input type=\"text\" name=\"text-2\" value=\"\" placeholder=\"\" id=\"forminator-field-text-2_69f38042d662c\" class=\"forminator-input forminator-name--field\" data-required=\"\" \/><\/div><\/div><div id=\"text-3\" class=\"forminator-field-text forminator-col forminator-col-6 \"><div class=\"forminator-field\"><label for=\"forminator-field-text-3_69f38042d662c\" id=\"forminator-field-text-3_69f38042d662c-label\" class=\"forminator-label\">Lieu de la prestation (commune) <span class=\"forminator-required\">*<\/span><\/label><input type=\"text\" name=\"text-3\" value=\"\" placeholder=\"\" id=\"forminator-field-text-3_69f38042d662c\" class=\"forminator-input forminator-name--field\" data-required=\"1\" \/><\/div><\/div><\/div><div class=\"forminator-row\"><div id=\"textarea-1\" class=\"forminator-field-textarea forminator-col forminator-col-12 \"><div class=\"forminator-field\"><label for=\"forminator-field-textarea-1_69f38042d662c\" id=\"forminator-field-textarea-1_69f38042d662c-label\" class=\"forminator-label\">D\u00e9crivez votre projet <span class=\"forminator-required\">*<\/span><\/label><textarea name=\"textarea-1\" placeholder=\"\" id=\"forminator-field-textarea-1_69f38042d662c\" class=\"forminator-textarea\" rows=\"6\" style=\"min-height:140px;\" ><\/textarea><\/div><\/div><\/div><div class=\"forminator-row\"><div id=\"upload-1\" class=\"forminator-field-upload forminator-col forminator-col-12 \"><div class=\"forminator-field\"><label for=\"forminator-field-upload-1_69f38042d662c\" id=\"forminator-field-upload-1_69f38042d662c-label\" class=\"forminator-label\">Pi\u00e8ces jointes<\/label><span id=\"forminator-field-upload-1_69f38042d662c-description\" class=\"forminator-description\">Joindre un fichier<\/span><div class=\"forminator-multi-upload \" data-element=\"upload-1_69f38042d662c\" aria-describedby=\"forminator-field-upload-1_69f38042d662c-description\"><input type=\"file\" name=\"upload-1[]\" id=\"forminator-field-upload-1_69f38042d662c\" class=\"forminator-input-file forminator-field-upload-1_69f38042d662c-516\" multiple=\"multiple\" data-method=\"ajax\" data-size=\"8000000\" data-size-message=\"Maximum file size allowed is 8 MB. \"><div class=\"forminator-multi-upload-message\" aria-hidden=\"true\"><span class=\"forminator-icon-upload\" aria-hidden=\"true\"><\/span><p>Glissez et d\u00e9posez (ou) <a class=\"forminator-upload-file--forminator-field-upload-1_69f38042d662c\" href=\"#\" onclick=\"return false;\">Choisissez des fichiers<\/a><\/p><\/div><\/div><ul class=\"forminator-uploaded-files upload-container-upload-1_69f38042d662c\"><\/ul><\/div><\/div><\/div><div class=\"forminator-row\"><div id=\"consent-1\" class=\"forminator-field-consent forminator-col forminator-col-12 \"><div class=\"forminator-field\"><div class=\"forminator-checkbox__wrapper\"><label id=\"forminator-field-consent-1_69f38042d662c__label\" class=\"forminator-checkbox forminator-consent\" aria-labelledby=\"forminator-field-consent-1_69f38042d662c-label\" aria-hidden=\"true\"><input type=\"checkbox\" name=\"consent-1\" id=\"forminator-field-consent-1_69f38042d662c\" value=\"checked\" aria-labelledby=\"forminator-field-consent-1_69f38042d662c-label\" aria-describedby=\"forminator-field-consent-1_69f38042d662c__description\" data-required=\"true\" aria-required=\"true\" \/><span class=\"forminator-checkbox-box\" aria-hidden=\"true\"><\/span><\/label><div id=\"forminator-field-consent-1_69f38042d662c__description\" class=\"forminator-checkbox__label forminator-consent__label\"><p><span style=\"color: #000000\">J\u2019accepte que mes donn\u00e9es soient collect\u00e9es. Je comprends que mes donn\u00e9es seront trait\u00e9es conform\u00e9ment au r\u00e8glement g\u00e9n\u00e9ral sur la protection des donn\u00e9es (RGPD)<\/span><\/p><\/div><\/div><\/div><\/div><\/div><input type=\"hidden\" name=\"referer_url\" value=\"\" \/><div class=\"forminator-row forminator-row-last\"><div class=\"forminator-col\"><div class=\"forminator-field\"><button class=\"forminator-button forminator-button-submit\">Envoyer le message<\/button><\/div><\/div><\/div><input type=\"hidden\" id=\"forminator_nonce\" name=\"forminator_nonce\" value=\"ae0c33c601\" \/><input type=\"hidden\" name=\"_wp_http_referer\" value=\"\/index.php\/wp-json\/wp\/v2\/pages\/110\" \/><input type=\"hidden\" name=\"form_id\" value=\"516\"><input type=\"hidden\" name=\"page_id\" value=\"110\"><input type=\"hidden\" name=\"form_type\" value=\"default\"><input type=\"hidden\" name=\"current_url\" value=\"https:\/\/www.agilis-fermetures.fr\/index.php\/contact\/\"><input type=\"hidden\" name=\"render_id\" value=\"0\"><input type=\"hidden\" name=\"forminator-multifile-hidden\" class=\"forminator-multifile-hidden\"><input type=\"hidden\" name=\"action\" value=\"forminator_submit_form_custom-forms\"><\/form>[\/vc_column_text][\/vc_column][vc_column width=&#8221;1\/4&#8243;][\/vc_column][\/vc_row][vc_row row_type=&#8221;main-section&#8221; bauen_section_layout=&#8221;section_grid&#8221; bauen_df_padding_bottom=&#8221;section-padding2&#8243;][vc_column][vc_empty_space height=&#8221;100px&#8221;][wr_vc_section_gmap animate=&#8221;yes&#8221; latitude=&#8221;45.882012, 4.812989&#8243; address=&#8221;1 Chemin de la Mendillonne, 69650 Saint-Germain-au-Mont-d&#8217;Or&#8221; image=&#8221;786&#8243;][\/vc_column][\/vc_row]\n<\/div>","protected":false},"excerpt":{"rendered":"<p>[vc_row row_type=&#8221;main-section&#8221; bauen_df_padding_top=&#8221;section-padding1&#8243; bauen_df_padding_bottom=&#8221;section-padding2&#8243; bauen_background_color=&#8221;#FFFFFF&#8221; css=&#8221;.vc_custom_1744104429529{background-color: #FBF6F1 !important;}&#8221;][vc_column width=&#8221;1\/4&#8243;][\/vc_column][vc_column width=&#8221;2\/4&#8243; css=&#8221;.vc_custom_1744104453755{background-color: #FFFFFF !important;}&#8221;][vc_empty_space height=&#8221;10px&#8221;][wr_vc_section_heading title=&#8221;`{`span`}` NOUS CONTACTER `{`\/span`}`&#8221; title2=&#8221;Projects&#8221;][\/wr_vc_section_heading][vc_empty_space][vc_column_text css=&#8221;&#8221;]Que ce soit pour une demande de devis sur un projet de r\u00e9novation, pour du courtage ou toute demande d\u2019information, nous vous invitons \u00e0 remplir ce formulaire en nous donnant un maximum de d\u00e9tails sur votre projet. Nous nous engageons \u00e0&#8230;<\/p>\n","protected":false},"author":2,"featured_media":0,"parent":0,"menu_order":0,"comment_status":"closed","ping_status":"closed","template":"","meta":{"footnotes":"","_links_to":"","_links_to_target":""},"class_list":["post-110","page","type-page","status-publish","hentry"],"_links":{"self":[{"href":"https:\/\/www.agilis-fermetures.fr\/index.php\/wp-json\/wp\/v2\/pages\/110","targetHints":{"allow":["GET"]}}],"collection":[{"href":"https:\/\/www.agilis-fermetures.fr\/index.php\/wp-json\/wp\/v2\/pages"}],"about":[{"href":"https:\/\/www.agilis-fermetures.fr\/index.php\/wp-json\/wp\/v2\/types\/page"}],"author":[{"embeddable":true,"href":"https:\/\/www.agilis-fermetures.fr\/index.php\/wp-json\/wp\/v2\/users\/2"}],"replies":[{"embeddable":true,"href":"https:\/\/www.agilis-fermetures.fr\/index.php\/wp-json\/wp\/v2\/comments?post=110"}],"version-history":[{"count":11,"href":"https:\/\/www.agilis-fermetures.fr\/index.php\/wp-json\/wp\/v2\/pages\/110\/revisions"}],"predecessor-version":[{"id":788,"href":"https:\/\/www.agilis-fermetures.fr\/index.php\/wp-json\/wp\/v2\/pages\/110\/revisions\/788"}],"wp:attachment":[{"href":"https:\/\/www.agilis-fermetures.fr\/index.php\/wp-json\/wp\/v2\/media?parent=110"}],"curies":[{"name":"wp","href":"https:\/\/api.w.org\/{rel}","templated":true}]}}