{"id":688,"date":"2025-07-15T14:57:29","date_gmt":"2025-07-15T12:57:29","guid":{"rendered":"https:\/\/www.agilis-fermetures.fr\/?page_id=688"},"modified":"2025-07-15T16:29:14","modified_gmt":"2025-07-15T14:29:14","slug":"pour-les-professionnels","status":"publish","type":"page","link":"https:\/\/www.agilis-fermetures.fr\/index.php\/pour-les-professionnels\/","title":{"rendered":"Pour les professionnels"},"content":{"rendered":"<div class=\"wpb-content-wrapper\">[vc_row row_type=&#8221;main-section&#8221; bauen_section_layout=&#8221;section_grid&#8221; bauen_df_padding_top=&#8221;section-padding1&#8243; bauen_df_padding_bottom=&#8221;section-padding2&#8243; bauen_background_color=&#8221;#2A6B76&#8243; css=&#8221;.vc_custom_1752588486655{margin-right: 40px !important;margin-left: 10px !important;padding-right: 30px !important;padding-left: 30px !important;}&#8221;][vc_column width=&#8221;1\/2&#8243; css=&#8221;.vc_custom_1752588584642{margin-right: 40px !important;margin-left: 10px !important;padding-right: 20px !important;padding-left: 20px !important;background-color: #2A6B76 !important;}&#8221;][vc_empty_space height=&#8221;10px&#8221;][vc_column_text css=&#8221;&#8221;]\n<h1><span style=\"color: #ffffff;\">POUR LES PROFESSIONNELS<\/span><\/h1>\n<p><span style=\"color: #ffffff;\">Nous offrons des services de courtage et de n\u00e9goce aux professionnels du b\u00e2timent. Partenaire id\u00e9al des entreprises de second oeuvre, entreprises g\u00e9n\u00e9rales, architectes et promoteurs, nous sommes capables de trouver des solutions face \u00e0 des contraintes techniques fortes ou des d\u00e9lais tr\u00e8s courts gr\u00e2ce \u00e0 notre large palette de fournisseurs.<\/span>[\/vc_column_text][\/vc_column][vc_column width=&#8221;1\/2&#8243; css=&#8221;.vc_custom_1744893609938{margin-right: 20px !important;margin-left: 20px !important;padding-right: 30px !important;padding-left: 15px !important;}&#8221;][\/vc_column][\/vc_row][vc_row row_type=&#8221;main-section&#8221; bauen_section_layout=&#8221;section_grid&#8221; bauen_df_padding_top=&#8221;section-padding1&#8243; bauen_df_padding_bottom=&#8221;section-padding2&#8243; bauen_background_color=&#8221;#FFFFFF&#8221; css=&#8221;.vc_custom_1752588494091{margin-right: 40px !important;margin-left: 10px !important;padding-right: 30px !important;padding-left: 30px !important;}&#8221;][vc_column width=&#8221;1\/2&#8243; css=&#8221;.vc_custom_1752588571322{margin-right: 40px !important;margin-left: 10px !important;padding-right: 20px !important;padding-left: 20px !important;background-color: #FFFFFF !important;}&#8221;][vc_column_text css=&#8221;&#8221;]\n<h2><span style=\"color: #21545b;\"><strong> N\u00c9GOCE<\/strong><\/span><\/h2>\n<p><span style=\"color: #21545b;\"><span style=\"font-weight: 400;\">Chez Agilis, nous savons que chaque chantier est unique. C\u2019est pourquoi nous avons con\u00e7u nos services de n\u00e9goce pour r\u00e9pondre pr\u00e9cis\u00e9ment aux exigences des professionnels du b\u00e2timent.<\/span><span style=\"font-weight: 400;\"><br \/>\n<\/span><span style=\"font-weight: 400;\"> Fen\u00eatres, portes, volets \u2014 en aluminium, PVC ou bois \u2014 nous vous offrons un large \u00e9ventail de solutions de fermeture sur mesure, s\u00e9lectionn\u00e9es aupr\u00e8s d\u2019un vaste r\u00e9seau de fournisseurs de confiance.<\/span><\/span><\/p>\n<p><span style=\"font-weight: 400; color: #21545b;\">Mais au-del\u00e0 du produit, c\u2019est l\u2019exp\u00e9rience que nous soignons. Gr\u00e2ce \u00e0 notre plateforme d\u00e9di\u00e9e, vous b\u00e9n\u00e9ficiez d\u2019un suivi clair et d\u00e9taill\u00e9 de vos commandes. De la demande de devis (r\u00e9ponse garantie sous 48h !) \u00e0 la livraison, vous gardez la ma\u00eetrise totale de vos projets, en toute simplicit\u00e9.<\/span>[\/vc_column_text][vc_btn title=&#8221;Nous contacter&#8221; style=&#8221;flat&#8221; shape=&#8221;square&#8221; color=&#8221;inverse&#8221; css=&#8221;&#8221; link=&#8221;url:https%3A%2F%2Fwww.agilis-fermetures.fr%2Findex.php%2Fpour-les-professionels%2F%23contactpro&#8221;][\/vc_column][vc_column width=&#8221;1\/2&#8243; css=&#8221;.vc_custom_1744893609938{margin-right: 20px !important;margin-left: 20px !important;padding-right: 30px !important;padding-left: 15px !important;}&#8221;][vc_empty_space height=&#8221;10px&#8221;][wr_vc_section_image featyretype=&#8221;st2&#8243; animate=&#8221;yes&#8221; image=&#8221;702&#8243; title=&#8221;N\u00c9GOCE&#8221;][\/vc_column][\/vc_row][vc_row row_type=&#8221;main-section&#8221; bauen_section_layout=&#8221;section_grid&#8221; bauen_section_layout_grid=&#8221;section_layout_grid&#8221; bauen_df_padding_top=&#8221;section-padding1&#8243; css=&#8221;.vc_custom_1752587185839{margin-right: 50px !important;margin-bottom: 30px !important;margin-left: 50px !important;padding-right: 20px !important;padding-left: 20px !important;}&#8221;][vc_column][vc_empty_space height=&#8221;100&#8243;][wr_vc_section_heading text_align=&#8221;text-center&#8221; title=&#8221;Nos Produits&#8221; title2=&#8221;Services&#8221;][\/wr_vc_section_heading][vc_empty_space height=&#8221;60&#8243;][vc_row_inner][vc_column_inner width=&#8221;1\/5&#8243;][wr_vc_section_services image=&#8221;561&#8243; title=&#8221;Menuiserie Ext\u00e9rieure&#8221;][\/wr_vc_section_services][\/vc_column_inner][vc_column_inner width=&#8221;1\/5&#8243;][wr_vc_section_services image=&#8221;563&#8243; title=&#8221;Porte d&#8217;entr\u00e9e&#8221; tag=&#8221;5&#8243;][\/wr_vc_section_services][\/vc_column_inner][vc_column_inner width=&#8221;1\/5&#8243;][wr_vc_section_services image=&#8221;564&#8243; title=&#8221;Volet roulant &amp; Volet Battant&#8221; tag=&#8221;5&#8243;][\/wr_vc_section_services][\/vc_column_inner][vc_column_inner width=&#8221;1\/5&#8243;][wr_vc_section_services image=&#8221;565&#8243; title=&#8221;Coulissante&#8221; tag=&#8221;5&#8243;][\/wr_vc_section_services][\/vc_column_inner][vc_column_inner width=&#8221;1\/5&#8243;][wr_vc_section_services image=&#8221;566&#8243; title=&#8221;Brise soleil oriental&#8221; tag=&#8221;5&#8243;][\/wr_vc_section_services][\/vc_column_inner][\/vc_row_inner][vc_empty_space height=&#8221;60&#8243;][\/vc_column][\/vc_row][vc_row row_type=&#8221;main-section&#8221; bauen_section_layout=&#8221;section_grid&#8221; bauen_df_padding_top=&#8221;section-padding1&#8243; bauen_df_padding_bottom=&#8221;section-padding2&#8243; bauen_background_color=&#8221;#FFFFFF&#8221; css=&#8221;.vc_custom_1744893555841{margin-right: 30px !important;margin-left: 50px !important;padding-right: 50px !important;padding-left: 50px !important;}&#8221;][vc_column width=&#8221;1\/2&#8243; css=&#8221;.vc_custom_1752585776895{margin-right: 40px !important;margin-left: 20px !important;padding-right: 20px !important;padding-left: 20px !important;}&#8221;][vc_empty_space height=&#8221;10px&#8221;][wr_vc_section_image featyretype=&#8221;st2&#8243; animate=&#8221;yes&#8221; image=&#8221;701&#8243; title=&#8221;PLATEFORME DE GESTION&#8221;][\/vc_column][vc_column width=&#8221;1\/2&#8243; css=&#8221;.vc_custom_1752588560351{margin-right: 40px !important;margin-left: 10px !important;padding-right: 20px !important;padding-left: 20px !important;background-color: #FFFFFF !important;}&#8221;][vc_column_text css=&#8221;&#8221;]\n<h2><strong><span style=\"color: #325e68;\"> PLATEFORME DE GEST<span style=\"color: #21545b;\">ION<\/span><\/span><\/strong><\/h2>\n<p><span style=\"font-weight: 400; color: #21545b;\">Pour vous, nous avons d\u00e9velopp\u00e9 un outil sur mesure, pens\u00e9 main dans la main avec nos d\u00e9veloppeurs, pour coller parfaitement \u00e0 vos besoins de terrain.<\/span><\/p>\n<p><span style=\"font-weight: 400; color: #21545b;\">Notre ERP exclusif vous offre :<\/span><\/p>\n<ul>\n<li style=\"font-weight: 400;\" aria-level=\"1\"><span style=\"color: #21545b;\"><span style=\"color: #21545b;\"><span style=\"font-weight: 400;\">Un tableau de bord clair pour suivre devis, commandes et SAV.<\/span><\/span><\/span><\/li>\n<li style=\"font-weight: 400;\" aria-level=\"1\"><span style=\"color: #21545b;\"><span style=\"color: #21545b;\"><span style=\"font-weight: 400;\">Des alertes et notifications en temps r\u00e9el pour ne manquer aucune \u00e9tape.<\/span><\/span><\/span><\/li>\n<li style=\"font-weight: 400;\" aria-level=\"1\"><span style=\"color: #21545b;\"><span style=\"color: #21545b;\"><span style=\"font-weight: 400;\">Des tableaux d\u00e9taill\u00e9s pour visualiser chaque projet avec pr\u00e9cision.<\/span><\/span><\/span><\/li>\n<li style=\"font-weight: 400;\" aria-level=\"1\"><span style=\"color: #21545b;\"><span style=\"font-weight: 400;\">Une messagerie int\u00e9gr\u00e9e pour centraliser tous vos \u00e9changes et dire adieu aux cha\u00eenes de mails interminables.<\/span><span style=\"font-weight: 400;\"><br \/>\n<\/span><\/span><\/li>\n<\/ul>\n<p><span style=\"font-weight: 400; color: #21545b;\">R\u00e9sultat : vous gagnez en efficacit\u00e9, la communication est fluide, et vos projets avancent avec s\u00e9r\u00e9nit\u00e9.<\/span>[\/vc_column_text][\/vc_column][\/vc_row][vc_row row_type=&#8221;main-section&#8221; bauen_section_layout=&#8221;section_grid&#8221; bauen_df_padding_top=&#8221;section-padding1&#8243; bauen_df_padding_bottom=&#8221;section-padding2&#8243; bauen_background_color=&#8221;#FFFFFF&#8221; css=&#8221;.vc_custom_1752588509193{margin-right: 40px !important;margin-left: 10px !important;padding-right: 50px !important;padding-left: 50px !important;}&#8221;][vc_column width=&#8221;1\/2&#8243; css=&#8221;.vc_custom_1752588463824{margin-right: 40px !important;margin-left: 10px !important;padding-right: 20px !important;padding-left: 20px !important;background-color: #FFFFFF !important;}&#8221;][vc_column_text css=&#8221;&#8221;]\n<h2><strong><span style=\"color: #325e68;\"> COURTAGE<\/span><\/strong><\/h2>\n<p><span style=\"font-weight: 400; color: #21545b;\">Architectes, promoteurs, entreprises g\u00e9n\u00e9rales : avec notre service de courtage, nous vous \u00e9paulons dans la r\u00e9ussite de vos projets de menuiseries ext\u00e9rieures.<\/span><\/p>\n<p><span style=\"font-weight: 400; color: #21545b;\">Notre mission ? S\u00e9lectionner pour vous les meilleurs fournisseurs, ceux qui r\u00e9pondront \u00e0 la fois aux contraintes techniques de vos chantiers et \u00e0 votre budget. En passant par Agilis, vous acc\u00e9dez \u00e0 des solutions sur mesure, optimisez vos co\u00fbts, et gagnez un temps pr\u00e9cieux sur vos plannings.<\/span>[\/vc_column_text][\/vc_column][vc_column width=&#8221;1\/2&#8243; css=&#8221;.vc_custom_1744893609938{margin-right: 20px !important;margin-left: 20px !important;padding-right: 30px !important;padding-left: 15px !important;}&#8221;][vc_empty_space height=&#8221;10px&#8221;][wr_vc_section_image featyretype=&#8221;st2&#8243; animate=&#8221;yes&#8221; image=&#8221;700&#8243; title=&#8221;COURTAGE&#8221;][\/vc_column][\/vc_row][vc_row bauen_section_id=&#8221;contactpro&#8221; row_type=&#8221;main-section&#8221; bauen_df_padding_top=&#8221;section-padding1&#8243; bauen_df_padding_bottom=&#8221;section-padding2&#8243; bauen_background_color=&#8221;#FFFFFF&#8221; css=&#8221;.vc_custom_1752586353838{background-color: #FBF6F1 !important;}&#8221;][vc_column width=&#8221;1\/4&#8243;][\/vc_column][vc_column width=&#8221;2\/4&#8243; css=&#8221;.vc_custom_1744104453755{background-color: #FFFFFF !important;}&#8221;][vc_empty_space][wr_vc_section_heading title=&#8221;`{`span`}` Parlez-nous de votre projet `{`\/span`}`&#8221; title2=&#8221;Projects&#8221;][\/wr_vc_section_heading][vc_empty_space][vc_column_text css=&#8221;&#8221;]<div class=\"forminator-ui forminator-custom-form forminator-custom-form-516 forminator-design--default  forminator_ajax\" data-forminator-render=\"0\" data-form=\"forminator-module-516\" data-uid=\"69f39956af483\"><br\/><\/div><form\n\t\t\t\tid=\"forminator-module-516\"\n\t\t\t\tclass=\"forminator-ui forminator-custom-form forminator-custom-form-516 forminator-design--default  forminator_ajax\"\n\t\t\t\tmethod=\"post\"\n\t\t\t\tdata-forminator-render=\"0\"\n\t\t\t\tdata-form-id=\"516\"\n\t\t\t\t\n\t\t\t\tdata-design=\"default\"\n\t\t\t\t\n\t\t\t\t\n\t\t\t\t\n\t\t\t\tdata-grid=\"open\"\n\t\t\t\tenctype=\"multipart\/form-data\"\n\t\t\t\t\n\t\t\t\tstyle=\"display: none;\"\n\t\t\t\t\n\t\t\t\tdata-uid=\"69f39956af483\"\n\t\t\t><div role=\"alert\" aria-live=\"polite\" class=\"forminator-response-message forminator-error\" aria-hidden=\"true\"><\/div><div class=\"forminator-row\"><div id=\"name-1\" class=\"forminator-field-name forminator-col forminator-col-12 \"><div class=\"forminator-row forminator-no-margin\" data-multiple=\"true\"><div class=\"forminator-col forminator-col-md-6\"><div class=\"forminator-field\"><label for=\"forminator-field-first-name-1_69f39956af483\" id=\"forminator-field-first-name-1_69f39956af483-label\" class=\"forminator-label\">Pr\u00e9nom <span class=\"forminator-required\">*<\/span><\/label><input type=\"text\" name=\"name-1-first-name\" placeholder=\"Jacques\" id=\"forminator-field-first-name-1_69f39956af483\" class=\"forminator-input\" aria-required=\"true\" data-multi=\"1\" value=\"\" \/><\/div><\/div><div class=\"forminator-col forminator-col-md-6\"><div class=\"forminator-field\"><label for=\"forminator-field-last-name-1_69f39956af483\" id=\"forminator-field-last-name-1_69f39956af483-label\" class=\"forminator-label\">Nom <span class=\"forminator-required\">*<\/span><\/label><input type=\"text\" name=\"name-1-last-name\" placeholder=\"Martin\" id=\"forminator-field-last-name-1_69f39956af483\" class=\"forminator-input\" aria-required=\"true\" data-multi=\"1\" value=\"\" \/><\/div><\/div><\/div><\/div><\/div><div class=\"forminator-row\"><div id=\"email-1\" class=\"forminator-field-email forminator-col forminator-col-6 \"><div class=\"forminator-field\"><label for=\"forminator-field-email-1_69f39956af483\" id=\"forminator-field-email-1_69f39956af483-label\" class=\"forminator-label\">Email <span class=\"forminator-required\">*<\/span><\/label><input type=\"email\" name=\"email-1\" value=\"\" placeholder=\"jacques@martin.com\" id=\"forminator-field-email-1_69f39956af483\" class=\"forminator-input forminator-email--field\" data-required=\"1\" aria-required=\"true\" \/><\/div><\/div><div id=\"phone-1\" class=\"forminator-field-phone forminator-col forminator-col-6 \"><div class=\"forminator-field\"><label for=\"forminator-field-phone-1_69f39956af483\" id=\"forminator-field-phone-1_69f39956af483-label\" class=\"forminator-label\">T\u00e9l\u00e9phone <span class=\"forminator-required\">*<\/span><\/label><input type=\"text\" name=\"phone-1\" value=\"\" placeholder=\"\" id=\"forminator-field-phone-1_69f39956af483\" class=\"forminator-input forminator-field--phone\" data-required=\"1\" aria-required=\"true\" autocomplete=\"off\" \/><\/div><\/div><\/div><div class=\"forminator-row\"><div id=\"text-1\" class=\"forminator-field-text forminator-col forminator-col-12 \"><div class=\"forminator-field\"><label for=\"forminator-field-text-1_69f39956af483\" id=\"forminator-field-text-1_69f39956af483-label\" class=\"forminator-label\">Objet de la demande <span class=\"forminator-required\">*<\/span><\/label><input type=\"text\" name=\"text-1\" value=\"\" placeholder=\"\" id=\"forminator-field-text-1_69f39956af483\" class=\"forminator-input forminator-name--field\" data-required=\"1\" \/><\/div><\/div><\/div><div class=\"forminator-row\"><div id=\"text-2\" class=\"forminator-field-text forminator-col forminator-col-6 \"><div class=\"forminator-field\"><label for=\"forminator-field-text-2_69f39956af483\" id=\"forminator-field-text-2_69f39956af483-label\" class=\"forminator-label\">D\u00e9lai de r\u00e9alisation envisag\u00e9<\/label><input type=\"text\" name=\"text-2\" value=\"\" placeholder=\"\" id=\"forminator-field-text-2_69f39956af483\" class=\"forminator-input forminator-name--field\" data-required=\"\" \/><\/div><\/div><div id=\"text-3\" class=\"forminator-field-text forminator-col forminator-col-6 \"><div class=\"forminator-field\"><label for=\"forminator-field-text-3_69f39956af483\" id=\"forminator-field-text-3_69f39956af483-label\" class=\"forminator-label\">Lieu de la prestation (commune) <span class=\"forminator-required\">*<\/span><\/label><input type=\"text\" name=\"text-3\" value=\"\" placeholder=\"\" id=\"forminator-field-text-3_69f39956af483\" class=\"forminator-input forminator-name--field\" data-required=\"1\" \/><\/div><\/div><\/div><div class=\"forminator-row\"><div id=\"textarea-1\" class=\"forminator-field-textarea forminator-col forminator-col-12 \"><div class=\"forminator-field\"><label for=\"forminator-field-textarea-1_69f39956af483\" id=\"forminator-field-textarea-1_69f39956af483-label\" class=\"forminator-label\">D\u00e9crivez votre projet <span class=\"forminator-required\">*<\/span><\/label><textarea name=\"textarea-1\" placeholder=\"\" id=\"forminator-field-textarea-1_69f39956af483\" class=\"forminator-textarea\" rows=\"6\" style=\"min-height:140px;\" ><\/textarea><\/div><\/div><\/div><div class=\"forminator-row\"><div id=\"upload-1\" class=\"forminator-field-upload forminator-col forminator-col-12 \"><div class=\"forminator-field\"><label for=\"forminator-field-upload-1_69f39956af483\" id=\"forminator-field-upload-1_69f39956af483-label\" class=\"forminator-label\">Pi\u00e8ces jointes<\/label><span id=\"forminator-field-upload-1_69f39956af483-description\" class=\"forminator-description\">Joindre un fichier<\/span><div class=\"forminator-multi-upload \" data-element=\"upload-1_69f39956af483\" aria-describedby=\"forminator-field-upload-1_69f39956af483-description\"><input type=\"file\" name=\"upload-1[]\" id=\"forminator-field-upload-1_69f39956af483\" class=\"forminator-input-file forminator-field-upload-1_69f39956af483-516\" multiple=\"multiple\" data-method=\"ajax\" data-size=\"8000000\" data-size-message=\"Maximum file size allowed is 8 MB. \"><div class=\"forminator-multi-upload-message\" aria-hidden=\"true\"><span class=\"forminator-icon-upload\" aria-hidden=\"true\"><\/span><p>Glissez et d\u00e9posez (ou) <a class=\"forminator-upload-file--forminator-field-upload-1_69f39956af483\" href=\"#\" onclick=\"return false;\">Choisissez des fichiers<\/a><\/p><\/div><\/div><ul class=\"forminator-uploaded-files upload-container-upload-1_69f39956af483\"><\/ul><\/div><\/div><\/div><div class=\"forminator-row\"><div id=\"consent-1\" class=\"forminator-field-consent forminator-col forminator-col-12 \"><div class=\"forminator-field\"><div class=\"forminator-checkbox__wrapper\"><label id=\"forminator-field-consent-1_69f39956af483__label\" class=\"forminator-checkbox forminator-consent\" aria-labelledby=\"forminator-field-consent-1_69f39956af483-label\" aria-hidden=\"true\"><input type=\"checkbox\" name=\"consent-1\" id=\"forminator-field-consent-1_69f39956af483\" value=\"checked\" aria-labelledby=\"forminator-field-consent-1_69f39956af483-label\" aria-describedby=\"forminator-field-consent-1_69f39956af483__description\" data-required=\"true\" aria-required=\"true\" \/><span class=\"forminator-checkbox-box\" aria-hidden=\"true\"><\/span><\/label><div id=\"forminator-field-consent-1_69f39956af483__description\" class=\"forminator-checkbox__label forminator-consent__label\"><p><span style=\"color: #000000\">J\u2019accepte que mes donn\u00e9es soient collect\u00e9es. Je comprends que mes donn\u00e9es seront trait\u00e9es conform\u00e9ment au r\u00e8glement g\u00e9n\u00e9ral sur la protection des donn\u00e9es (RGPD)<\/span><\/p><\/div><\/div><\/div><\/div><\/div><input type=\"hidden\" name=\"referer_url\" value=\"\" \/><div class=\"forminator-row forminator-row-last\"><div class=\"forminator-col\"><div class=\"forminator-field\"><button class=\"forminator-button forminator-button-submit\">Envoyer le message<\/button><\/div><\/div><\/div><input type=\"hidden\" id=\"forminator_nonce\" name=\"forminator_nonce\" value=\"ae0c33c601\" \/><input type=\"hidden\" name=\"_wp_http_referer\" value=\"\/index.php\/wp-json\/wp\/v2\/pages\/688\" \/><input type=\"hidden\" name=\"form_id\" value=\"516\"><input type=\"hidden\" name=\"page_id\" value=\"688\"><input type=\"hidden\" name=\"form_type\" value=\"default\"><input type=\"hidden\" name=\"current_url\" value=\"https:\/\/www.agilis-fermetures.fr\/index.php\/pour-les-professionnels\/\"><input type=\"hidden\" name=\"render_id\" value=\"0\"><input type=\"hidden\" name=\"forminator-multifile-hidden\" class=\"forminator-multifile-hidden\"><input type=\"hidden\" name=\"action\" value=\"forminator_submit_form_custom-forms\"><\/form>[\/vc_column_text][\/vc_column][vc_column width=&#8221;1\/4&#8243;][\/vc_column][\/vc_row]\n<\/div>","protected":false},"excerpt":{"rendered":"<p>[vc_row row_type=&#8221;main-section&#8221; bauen_section_layout=&#8221;section_grid&#8221; bauen_df_padding_top=&#8221;section-padding1&#8243; bauen_df_padding_bottom=&#8221;section-padding2&#8243; bauen_background_color=&#8221;#2A6B76&#8243; css=&#8221;.vc_custom_1752588486655{margin-right: 40px !important;margin-left: 10px !important;padding-right: 30px !important;padding-left: 30px !important;}&#8221;][vc_column width=&#8221;1\/2&#8243; css=&#8221;.vc_custom_1752588584642{margin-right: 40px !important;margin-left: 10px !important;padding-right: 20px !important;padding-left: 20px !important;background-color: #2A6B76 !important;}&#8221;][vc_empty_space height=&#8221;10px&#8221;][vc_column_text css=&#8221;&#8221;] POUR LES PROFESSIONNELS Nous offrons des services de courtage et de n\u00e9goce aux professionnels du b\u00e2timent. Partenaire id\u00e9al des entreprises de second oeuvre, entreprises g\u00e9n\u00e9rales, architectes et promoteurs, nous sommes capables&#8230;<\/p>\n","protected":false},"author":2,"featured_media":0,"parent":0,"menu_order":0,"comment_status":"closed","ping_status":"closed","template":"","meta":{"footnotes":"","_links_to":"","_links_to_target":""},"class_list":["post-688","page","type-page","status-publish","hentry"],"_links":{"self":[{"href":"https:\/\/www.agilis-fermetures.fr\/index.php\/wp-json\/wp\/v2\/pages\/688","targetHints":{"allow":["GET"]}}],"collection":[{"href":"https:\/\/www.agilis-fermetures.fr\/index.php\/wp-json\/wp\/v2\/pages"}],"about":[{"href":"https:\/\/www.agilis-fermetures.fr\/index.php\/wp-json\/wp\/v2\/types\/page"}],"author":[{"embeddable":true,"href":"https:\/\/www.agilis-fermetures.fr\/index.php\/wp-json\/wp\/v2\/users\/2"}],"replies":[{"embeddable":true,"href":"https:\/\/www.agilis-fermetures.fr\/index.php\/wp-json\/wp\/v2\/comments?post=688"}],"version-history":[{"count":29,"href":"https:\/\/www.agilis-fermetures.fr\/index.php\/wp-json\/wp\/v2\/pages\/688\/revisions"}],"predecessor-version":[{"id":733,"href":"https:\/\/www.agilis-fermetures.fr\/index.php\/wp-json\/wp\/v2\/pages\/688\/revisions\/733"}],"wp:attachment":[{"href":"https:\/\/www.agilis-fermetures.fr\/index.php\/wp-json\/wp\/v2\/media?parent=688"}],"curies":[{"name":"wp","href":"https:\/\/api.w.org\/{rel}","templated":true}]}}